{"id":2,"date":"2025-03-18T12:43:31","date_gmt":"2025-03-18T11:43:31","guid":{"rendered":"http:\/\/www.masioi-itsinkoudi.com\/?page_id=2"},"modified":"2026-03-23T21:02:03","modified_gmt":"2026-03-23T20:02:03","slug":"page-d-exemple","status":"publish","type":"page","link":"https:\/\/www.masioi-itsinkoudi.com\/index.php\/page-d-exemple\/","title":{"rendered":"Projet: Pays d&#8217;Accueil France &#8211; Pays d&#8217;origine Comores"},"content":{"rendered":"\n<p><\/p>\n\n\n\n<p>C\u2019est une \u0153uvre repr\u00e9sentant le fruit de travail espace d&#8217;h\u00e9ritage en zone montagneuse  de Mr ABOUBAKARI SOILIHI MOUGNIHAZI MZIHISSI \u00e0 Itsinkoudi\u00a0 MABOHONI KAFOUNI OICHILI se trouvant en face de la Montagne GOZIBI \/ nomm\u00e9 plateau de Diboini. De cet endroit on localise\u00a0 la mont\u00e9e de l\u2019 eau potable identifiable en face de l\u2019emplacement du Trou de grotte \u00e0 l\u2019infini profond surnomm\u00e9\u00a0 KAHAOUVOUNDO. En ce lieu  n\u00e9cessite une \u00e9tude rapidement pour la protection des humains et la nature.<\/p>\n\n\n\n<p>C\u2019est le lieu symbolique o\u00f9 se trouve l\u2019ancien <strong>Arbre Historique<\/strong>, nomm\u00e9 <strong>MZINGARDJOU<\/strong> au coucher du soleil. Son ami de confiance de l\u2019\u00e9poque et compagnon MTSOUNGA SAIDOU MFOMI MWAMANVOU est une figure symbolisant la solidarit\u00e9 de nos parents \u00e0 Ngazidja en archipel des COMORES.<\/p>\n\n\n\n<p>Mohammad Maaloumi ABOUBAKARI SOILIHI domicili\u00e9 \u00e0 Paris est le dernier fils et \u00e0 la fois responsable du projet et de l&#8217;administration du site web; http:\/\/www.masioi-itsinkoudi.<\/p>\n\n\n\n<p>Mail masioi@masioicyber.com<\/p>\n\n\n\n<p><\/p>\n","protected":false},"excerpt":{"rendered":"<p>C\u2019est une \u0153uvre repr\u00e9sentant le fruit de travail espace d&#8217;h\u00e9ritage en zone montagneuse de Mr ABOUBAKARI SOILIHI MOUGNIHAZI MZIHISSI \u00e0 Itsinkoudi\u00a0 MABOHONI KAFOUNI OICHILI se trouvant en face de la Montagne GOZIBI \/ nomm\u00e9 plateau de Diboini. De cet endroit on localise\u00a0 la mont\u00e9e de l\u2019 eau potable identifiable en face de l\u2019emplacement du Trou [&hellip;]<\/p>\n","protected":false},"author":1,"featured_media":0,"parent":0,"menu_order":0,"comment_status":"closed","ping_status":"open","template":"","meta":{"footnotes":""},"class_list":["post-2","page","type-page","status-publish","hentry"],"_links":{"self":[{"href":"https:\/\/www.masioi-itsinkoudi.com\/index.php\/wp-json\/wp\/v2\/pages\/2","targetHints":{"allow":["GET"]}}],"collection":[{"href":"https:\/\/www.masioi-itsinkoudi.com\/index.php\/wp-json\/wp\/v2\/pages"}],"about":[{"href":"https:\/\/www.masioi-itsinkoudi.com\/index.php\/wp-json\/wp\/v2\/types\/page"}],"author":[{"embeddable":true,"href":"https:\/\/www.masioi-itsinkoudi.com\/index.php\/wp-json\/wp\/v2\/users\/1"}],"replies":[{"embeddable":true,"href":"https:\/\/www.masioi-itsinkoudi.com\/index.php\/wp-json\/wp\/v2\/comments?post=2"}],"version-history":[{"count":6,"href":"https:\/\/www.masioi-itsinkoudi.com\/index.php\/wp-json\/wp\/v2\/pages\/2\/revisions"}],"predecessor-version":[{"id":52,"href":"https:\/\/www.masioi-itsinkoudi.com\/index.php\/wp-json\/wp\/v2\/pages\/2\/revisions\/52"}],"wp:attachment":[{"href":"https:\/\/www.masioi-itsinkoudi.com\/index.php\/wp-json\/wp\/v2\/media?parent=2"}],"curies":[{"name":"wp","href":"https:\/\/api.w.org\/{rel}","templated":true}]}}